{"id":505,"date":"2026-02-28T13:56:02","date_gmt":"2026-02-28T13:56:02","guid":{"rendered":"https:\/\/luxentia.eu\/mentions-legales-impression\/"},"modified":"2026-04-03T15:37:39","modified_gmt":"2026-04-03T15:37:39","slug":"mentions-legales-impression","status":"publish","type":"page","link":"https:\/\/luxentia.eu\/fr\/mentions-legales-impression\/","title":{"rendered":"Mentions l\u00e9gales \/ Impression"},"content":{"rendered":"\n<!-- Legal document generated by Complianz | GDPR\/CCPA Cookie Consent https:\/\/wordpress.org\/plugins\/complianz-gdpr -->\n<div id=\"cmplz-document\" class=\"cmplz-document impressum cmplz-document-all\"><p><i>Cette imprint a \u00e9t\u00e9 mise \u00e0 jour pour la derni\u00e8re fois le 28 f\u00e9vrier 2026.<\/i><\/p><p class=\"cmplz-subtitle\">Le propri\u00e9taire de ce site web est\u00a0:<\/p><p>Miquel Gascon Sl SL<br>Empuries 27, 17005 Girona<br>Espagne<br>E-mail\u00a0:&nbsp;<span class=\"cmplz-obfuscate\">&#105;&#110;fo@<span class=\"cmplz-fmail-domain\">&#101;&#120;.co&#109;<\/span>&#108;u&#120;&#101;n&#116;ia&#046;e&#117;<\/span><br>Num\u00e9ro de t\u00e9l\u00e9phone\u00a0: 660034508<br>ID TVA\u00a0:&nbsp;B5534087<\/p><h2>1. G\u00e9n\u00e9ral<\/h2><p>Nous ne sommes ni dispos\u00e9s ni oblig\u00e9s de participer \u00e0 des proc\u00e9dures de r\u00e8glement des litiges devant une commission d\u2019arbitrage des consommateurs.<\/p><\/div>","protected":false},"excerpt":{"rendered":"","protected":false},"author":1,"featured_media":0,"parent":0,"menu_order":0,"comment_status":"closed","ping_status":"closed","template":"","meta":{"footnotes":""},"class_list":["post-505","page","type-page","status-publish","hentry"],"yoast_head":"<!-- This site is optimized with the Yoast SEO plugin v27.4 - https:\/\/yoast.com\/product\/yoast-seo-wordpress\/ -->\n<title>Mentions l\u00e9gales \/ Impression - Luxentia<\/title>\n<meta name=\"robots\" content=\"index, follow, max-snippet:-1, max-image-preview:large, max-video-preview:-1\" \/>\n<link rel=\"canonical\" href=\"https:\/\/luxentia.eu\/fr\/mentions-legales-impression\/\" \/>\n<meta property=\"og:locale\" content=\"fr_FR\" \/>\n<meta property=\"og:type\" content=\"article\" \/>\n<meta property=\"og:title\" content=\"Mentions l\u00e9gales \/ Impression - Luxentia\" \/>\n<meta property=\"og:url\" content=\"https:\/\/luxentia.eu\/fr\/mentions-legales-impression\/\" \/>\n<meta property=\"og:site_name\" content=\"Luxentia\" \/>\n<meta property=\"article:modified_time\" content=\"2026-04-03T15:37:39+00:00\" \/>\n<meta name=\"twitter:card\" content=\"summary_large_image\" \/>\n<script type=\"application\/ld+json\" class=\"yoast-schema-graph\">{\"@context\":\"https:\\\/\\\/schema.org\",\"@graph\":[{\"@type\":\"WebPage\",\"@id\":\"https:\\\/\\\/luxentia.eu\\\/fr\\\/mentions-legales-impression\\\/\",\"url\":\"https:\\\/\\\/luxentia.eu\\\/fr\\\/mentions-legales-impression\\\/\",\"name\":\"Mentions l\u00e9gales \\\/ Impression - Luxentia\",\"isPartOf\":{\"@id\":\"https:\\\/\\\/luxentia.eu\\\/fr\\\/#website\"},\"datePublished\":\"2026-02-28T13:56:02+00:00\",\"dateModified\":\"2026-04-03T15:37:39+00:00\",\"breadcrumb\":{\"@id\":\"https:\\\/\\\/luxentia.eu\\\/fr\\\/mentions-legales-impression\\\/#breadcrumb\"},\"inLanguage\":\"fr-FR\",\"potentialAction\":[{\"@type\":\"ReadAction\",\"target\":[\"https:\\\/\\\/luxentia.eu\\\/fr\\\/mentions-legales-impression\\\/\"]}]},{\"@type\":\"BreadcrumbList\",\"@id\":\"https:\\\/\\\/luxentia.eu\\\/fr\\\/mentions-legales-impression\\\/#breadcrumb\",\"itemListElement\":[{\"@type\":\"ListItem\",\"position\":1,\"name\":\"Portada\",\"item\":\"https:\\\/\\\/luxentia.eu\\\/fr\\\/\"},{\"@type\":\"ListItem\",\"position\":2,\"name\":\"Mentions l\u00e9gales \\\/ Impression\"}]},{\"@type\":\"WebSite\",\"@id\":\"https:\\\/\\\/luxentia.eu\\\/fr\\\/#website\",\"url\":\"https:\\\/\\\/luxentia.eu\\\/fr\\\/\",\"name\":\"Luxentia\",\"description\":\"Lighting Providers\",\"potentialAction\":[{\"@type\":\"SearchAction\",\"target\":{\"@type\":\"EntryPoint\",\"urlTemplate\":\"https:\\\/\\\/luxentia.eu\\\/fr\\\/?s={search_term_string}\"},\"query-input\":{\"@type\":\"PropertyValueSpecification\",\"valueRequired\":true,\"valueName\":\"search_term_string\"}}],\"inLanguage\":\"fr-FR\"}]}<\/script>\n<!-- \/ Yoast SEO plugin. -->","yoast_head_json":{"title":"Mentions l\u00e9gales \/ Impression - Luxentia","robots":{"index":"index","follow":"follow","max-snippet":"max-snippet:-1","max-image-preview":"max-image-preview:large","max-video-preview":"max-video-preview:-1"},"canonical":"https:\/\/luxentia.eu\/fr\/mentions-legales-impression\/","og_locale":"fr_FR","og_type":"article","og_title":"Mentions l\u00e9gales \/ Impression - Luxentia","og_url":"https:\/\/luxentia.eu\/fr\/mentions-legales-impression\/","og_site_name":"Luxentia","article_modified_time":"2026-04-03T15:37:39+00:00","twitter_card":"summary_large_image","schema":{"@context":"https:\/\/schema.org","@graph":[{"@type":"WebPage","@id":"https:\/\/luxentia.eu\/fr\/mentions-legales-impression\/","url":"https:\/\/luxentia.eu\/fr\/mentions-legales-impression\/","name":"Mentions l\u00e9gales \/ Impression - Luxentia","isPartOf":{"@id":"https:\/\/luxentia.eu\/fr\/#website"},"datePublished":"2026-02-28T13:56:02+00:00","dateModified":"2026-04-03T15:37:39+00:00","breadcrumb":{"@id":"https:\/\/luxentia.eu\/fr\/mentions-legales-impression\/#breadcrumb"},"inLanguage":"fr-FR","potentialAction":[{"@type":"ReadAction","target":["https:\/\/luxentia.eu\/fr\/mentions-legales-impression\/"]}]},{"@type":"BreadcrumbList","@id":"https:\/\/luxentia.eu\/fr\/mentions-legales-impression\/#breadcrumb","itemListElement":[{"@type":"ListItem","position":1,"name":"Portada","item":"https:\/\/luxentia.eu\/fr\/"},{"@type":"ListItem","position":2,"name":"Mentions l\u00e9gales \/ Impression"}]},{"@type":"WebSite","@id":"https:\/\/luxentia.eu\/fr\/#website","url":"https:\/\/luxentia.eu\/fr\/","name":"Luxentia","description":"Lighting Providers","potentialAction":[{"@type":"SearchAction","target":{"@type":"EntryPoint","urlTemplate":"https:\/\/luxentia.eu\/fr\/?s={search_term_string}"},"query-input":{"@type":"PropertyValueSpecification","valueRequired":true,"valueName":"search_term_string"}}],"inLanguage":"fr-FR"}]}},"_links":{"self":[{"href":"https:\/\/luxentia.eu\/fr\/wp-json\/wp\/v2\/pages\/505","targetHints":{"allow":["GET"]}}],"collection":[{"href":"https:\/\/luxentia.eu\/fr\/wp-json\/wp\/v2\/pages"}],"about":[{"href":"https:\/\/luxentia.eu\/fr\/wp-json\/wp\/v2\/types\/page"}],"author":[{"embeddable":true,"href":"https:\/\/luxentia.eu\/fr\/wp-json\/wp\/v2\/users\/1"}],"replies":[{"embeddable":true,"href":"https:\/\/luxentia.eu\/fr\/wp-json\/wp\/v2\/comments?post=505"}],"version-history":[{"count":1,"href":"https:\/\/luxentia.eu\/fr\/wp-json\/wp\/v2\/pages\/505\/revisions"}],"predecessor-version":[{"id":507,"href":"https:\/\/luxentia.eu\/fr\/wp-json\/wp\/v2\/pages\/505\/revisions\/507"}],"wp:attachment":[{"href":"https:\/\/luxentia.eu\/fr\/wp-json\/wp\/v2\/media?parent=505"}],"curies":[{"name":"wp","href":"https:\/\/api.w.org\/{rel}","templated":true}]}}